{"id":16792,"date":"2022-05-04T10:21:51","date_gmt":"2022-05-04T08:21:51","guid":{"rendered":"https:\/\/www.ilpaniereserafini.ch\/dienstleistungen\/"},"modified":"2025-09-04T16:26:21","modified_gmt":"2025-09-04T14:26:21","slug":"dienstleistungen","status":"publish","type":"page","link":"https:\/\/www.ilpaniereserafini.ch\/de\/dienstleistungen\/","title":{"rendered":"Dienstleistungen"},"content":{"rendered":"\t\t<div data-elementor-type=\"wp-page\" data-elementor-id=\"16792\" class=\"elementor elementor-16792 elementor-2389\" data-elementor-post-type=\"page\">\n\t\t\t\t\t\t<section class=\"elementor-section elementor-top-section elementor-element elementor-element-7ac87f2 elementor-section-full_width elementor-section-height-default elementor-section-height-default\" data-id=\"7ac87f2\" data-element_type=\"section\" data-e-type=\"section\">\n\t\t\t\t\t\t<div class=\"elementor-container elementor-column-gap-default\">\n\t\t\t\t\t<div class=\"elementor-column elementor-col-50 elementor-top-column elementor-element elementor-element-cc45c2f\" data-id=\"cc45c2f\" data-element_type=\"column\" data-e-type=\"column\">\n\t\t\t<div class=\"elementor-widget-wrap elementor-element-populated\">\n\t\t\t\t\t\t<div class=\"elementor-element elementor-element-dddebad elementor-widget elementor-widget-html\" data-id=\"dddebad\" data-element_type=\"widget\" data-e-type=\"widget\" id=\"breadcrumb\" data-widget_type=\"html.default\">\n\t\t\t\t<div class=\"elementor-widget-container\">\n\t\t\t\t\t<a href=\"https:\/\/ilpaniereserafini.it\/\">Home<\/a> <span class=\"divisoreBreadcrumb\">\/<\/span> <span class=\"nomePaginaCorrente\">Dienstleistungen<\/span>\t\t\t\t<\/div>\n\t\t\t\t<\/div>\n\t\t\t\t<div class=\"elementor-element elementor-element-0ea8583 elementor-widget elementor-widget-heading\" data-id=\"0ea8583\" data-element_type=\"widget\" data-e-type=\"widget\" data-widget_type=\"heading.default\">\n\t\t\t\t<div class=\"elementor-widget-container\">\n\t\t\t\t\t<h1 class=\"elementor-heading-title elementor-size-default\">Dienstleistungen.<\/h1>\t\t\t\t<\/div>\n\t\t\t\t<\/div>\n\t\t\t\t<div class=\"elementor-element elementor-element-b38560c elementor-widget elementor-widget-text-editor\" data-id=\"b38560c\" data-element_type=\"widget\" data-e-type=\"widget\" data-widget_type=\"text-editor.default\">\n\t\t\t\t<div class=\"elementor-widget-container\">\n\t\t\t\t\t\t\t\t\t<p>Nicht nur Produkte.<\/p>\t\t\t\t\t\t\t\t<\/div>\n\t\t\t\t<\/div>\n\t\t\t\t\t<\/div>\n\t\t<\/div>\n\t\t\t\t<div class=\"elementor-column elementor-col-50 elementor-top-column elementor-element elementor-element-941d985 elementor-hidden-tablet elementor-hidden-mobile\" data-id=\"941d985\" data-element_type=\"column\" data-e-type=\"column\">\n\t\t\t<div class=\"elementor-widget-wrap\">\n\t\t\t\t\t\t\t<\/div>\n\t\t<\/div>\n\t\t\t\t\t<\/div>\n\t\t<\/section>\n\t\t\t\t<section class=\"elementor-section elementor-top-section elementor-element elementor-element-90c41a1 elementor-section-boxed elementor-section-height-default elementor-section-height-default\" data-id=\"90c41a1\" data-element_type=\"section\" data-e-type=\"section\">\n\t\t\t\t\t\t<div class=\"elementor-container elementor-column-gap-default\">\n\t\t\t\t\t<div class=\"elementor-column elementor-col-100 elementor-top-column elementor-element elementor-element-e9a2285\" data-id=\"e9a2285\" data-element_type=\"column\" data-e-type=\"column\">\n\t\t\t<div class=\"elementor-widget-wrap elementor-element-populated\">\n\t\t\t\t\t\t<div class=\"elementor-element elementor-element-42e12f9 elementor-widget elementor-widget-heading\" data-id=\"42e12f9\" data-element_type=\"widget\" data-e-type=\"widget\" data-widget_type=\"heading.default\">\n\t\t\t\t<div class=\"elementor-widget-container\">\n\t\t\t\t\t<h1 class=\"elementor-heading-title elementor-size-default\">Ihr Produkt zu personalisieren ist ganz einfach.<\/h1>\t\t\t\t<\/div>\n\t\t\t\t<\/div>\n\t\t\t\t<div class=\"elementor-element elementor-element-b2ddec1 elementor-widget__width-initial elementor-widget elementor-widget-text-editor\" data-id=\"b2ddec1\" data-element_type=\"widget\" data-e-type=\"widget\" data-widget_type=\"text-editor.default\">\n\t\t\t\t<div class=\"elementor-widget-container\">\n\t\t\t\t\t\t\t\t\t<p>99 % der Produkte von Il Paniere Serafini sind personalisierbar, mit verschiedenen Techniken, je nach Art des Produkts selbst.<\/p><p>Dank unserer internen Grafikabteilung k\u00f6nnen Sie Ihren Geschenkverpackungen das gewisse Etwas verleihen und sie so einzigartig und noch attraktiver f\u00fcr die Empf\u00e4nger machen.<\/p>\t\t\t\t\t\t\t\t<\/div>\n\t\t\t\t<\/div>\n\t\t\t\t<section class=\"elementor-section elementor-inner-section elementor-element elementor-element-4aa274e elementor-section-boxed elementor-section-height-default elementor-section-height-default\" data-id=\"4aa274e\" data-element_type=\"section\" data-e-type=\"section\">\n\t\t\t\t\t\t<div class=\"elementor-container elementor-column-gap-default\">\n\t\t\t\t\t<div class=\"elementor-column elementor-col-50 elementor-inner-column elementor-element elementor-element-86fc704\" data-id=\"86fc704\" data-element_type=\"column\" data-e-type=\"column\">\n\t\t\t<div class=\"elementor-widget-wrap elementor-element-populated\">\n\t\t\t\t\t\t<div class=\"elementor-element elementor-element-d7399d6 elementor-widget elementor-widget-image\" data-id=\"d7399d6\" data-element_type=\"widget\" data-e-type=\"widget\" data-widget_type=\"image.default\">\n\t\t\t\t<div class=\"elementor-widget-container\">\n\t\t\t\t\t\t\t\t\t\t\t\t\t\t\t<img decoding=\"async\" width=\"75\" height=\"75\" src=\"https:\/\/www.ilpaniereserafini.ch\/wp-content\/uploads\/2022\/03\/icona-scegli.png\" class=\"attachment-large size-large wp-image-16686\" alt=\"W\u00e4hlen Sie\" \/>\t\t\t\t\t\t\t\t\t\t\t\t\t\t\t<\/div>\n\t\t\t\t<\/div>\n\t\t\t\t<div class=\"elementor-element elementor-element-7ca8b10 elementor-widget elementor-widget-heading\" data-id=\"7ca8b10\" data-element_type=\"widget\" data-e-type=\"widget\" data-widget_type=\"heading.default\">\n\t\t\t\t<div class=\"elementor-widget-container\">\n\t\t\t\t\t<h4 class=\"elementor-heading-title elementor-size-default\">W\u00e4hlen Sie Ihr Produkt<\/h4>\t\t\t\t<\/div>\n\t\t\t\t<\/div>\n\t\t\t\t<div class=\"elementor-element elementor-element-d2d19af elementor-widget elementor-widget-text-editor\" data-id=\"d2d19af\" data-element_type=\"widget\" data-e-type=\"widget\" data-widget_type=\"text-editor.default\">\n\t\t\t\t<div class=\"elementor-widget-container\">\n\t\t\t\t\t\t\t\t\t<p>W\u00e4hlen Sie aus Hunderten von Produkten dasjenige aus, das am besten zu Ihren Bed\u00fcrfnissen passt, oder vertrauen Sie auf die Erfahrung unseres Vertriebsteams, um wertvolle Ratschl\u00e4ge zu erhalten.<\/p>\t\t\t\t\t\t\t\t<\/div>\n\t\t\t\t<\/div>\n\t\t\t\t\t<\/div>\n\t\t<\/div>\n\t\t\t\t<div class=\"elementor-column elementor-col-50 elementor-inner-column elementor-element elementor-element-db2a5ab\" data-id=\"db2a5ab\" data-element_type=\"column\" data-e-type=\"column\">\n\t\t\t<div class=\"elementor-widget-wrap elementor-element-populated\">\n\t\t\t\t\t\t<div class=\"elementor-element elementor-element-63eeaef elementor-widget elementor-widget-image\" data-id=\"63eeaef\" data-element_type=\"widget\" data-e-type=\"widget\" data-widget_type=\"image.default\">\n\t\t\t\t<div class=\"elementor-widget-container\">\n\t\t\t\t\t\t\t\t\t\t\t\t\t\t\t<img decoding=\"async\" width=\"75\" height=\"75\" src=\"https:\/\/www.ilpaniereserafini.ch\/wp-content\/uploads\/2022\/03\/icona-manda.png\" class=\"attachment-large size-large wp-image-16687\" alt=\"Senden Sie uns Ihr Logo\" \/>\t\t\t\t\t\t\t\t\t\t\t\t\t\t\t<\/div>\n\t\t\t\t<\/div>\n\t\t\t\t<div class=\"elementor-element elementor-element-34ed69e elementor-widget elementor-widget-heading\" data-id=\"34ed69e\" data-element_type=\"widget\" data-e-type=\"widget\" data-widget_type=\"heading.default\">\n\t\t\t\t<div class=\"elementor-widget-container\">\n\t\t\t\t\t<h4 class=\"elementor-heading-title elementor-size-default\">Senden Sie uns Ihr Logo<\/h4>\t\t\t\t<\/div>\n\t\t\t\t<\/div>\n\t\t\t\t<div class=\"elementor-element elementor-element-fe031cc elementor-widget elementor-widget-text-editor\" data-id=\"fe031cc\" data-element_type=\"widget\" data-e-type=\"widget\" data-widget_type=\"text-editor.default\">\n\t\t\t\t<div class=\"elementor-widget-container\">\n\t\t\t\t\t\t\t\t\t<p>Senden Sie Ihr Logo an unsere Grafikabteilung oder fordern Sie die Stanzform an, um selbst an Ihrer Grafik zu arbeiten. Das Grafikteam steht Ihnen f\u00fcr alle Zweifel oder Fragen zur Verf\u00fcgung. <\/p>\t\t\t\t\t\t\t\t<\/div>\n\t\t\t\t<\/div>\n\t\t\t\t\t<\/div>\n\t\t<\/div>\n\t\t\t\t\t<\/div>\n\t\t<\/section>\n\t\t\t\t<section class=\"elementor-section elementor-inner-section elementor-element elementor-element-ddf7207 elementor-section-boxed elementor-section-height-default elementor-section-height-default\" data-id=\"ddf7207\" data-element_type=\"section\" data-e-type=\"section\">\n\t\t\t\t\t\t<div class=\"elementor-container elementor-column-gap-default\">\n\t\t\t\t\t<div class=\"elementor-column elementor-col-50 elementor-inner-column elementor-element elementor-element-c1bf4ba\" data-id=\"c1bf4ba\" data-element_type=\"column\" data-e-type=\"column\">\n\t\t\t<div class=\"elementor-widget-wrap elementor-element-populated\">\n\t\t\t\t\t\t<div class=\"elementor-element elementor-element-2c211a9 elementor-widget elementor-widget-image\" data-id=\"2c211a9\" data-element_type=\"widget\" data-e-type=\"widget\" data-widget_type=\"image.default\">\n\t\t\t\t<div class=\"elementor-widget-container\">\n\t\t\t\t\t\t\t\t\t\t\t\t\t\t\t<img decoding=\"async\" width=\"75\" height=\"75\" src=\"https:\/\/www.ilpaniereserafini.ch\/wp-content\/uploads\/2022\/03\/icona-design.png\" class=\"attachment-large size-large wp-image-16688\" alt=\"Wir erstellen ein Rendering f\u00fcr Sie\" \/>\t\t\t\t\t\t\t\t\t\t\t\t\t\t\t<\/div>\n\t\t\t\t<\/div>\n\t\t\t\t<div class=\"elementor-element elementor-element-419842a elementor-widget elementor-widget-heading\" data-id=\"419842a\" data-element_type=\"widget\" data-e-type=\"widget\" data-widget_type=\"heading.default\">\n\t\t\t\t<div class=\"elementor-widget-container\">\n\t\t\t\t\t<h4 class=\"elementor-heading-title elementor-size-default\">Wir erstellen Ihnen das Rendering<\/h4>\t\t\t\t<\/div>\n\t\t\t\t<\/div>\n\t\t\t\t<div class=\"elementor-element elementor-element-c5353cb elementor-widget elementor-widget-text-editor\" data-id=\"c5353cb\" data-element_type=\"widget\" data-e-type=\"widget\" data-widget_type=\"text-editor.default\">\n\t\t\t\t<div class=\"elementor-widget-container\">\n\t\t\t\t\t\t\t\t\t<p>Unsere Grafikabteilung wird Ihnen einen Druckentwurf des ausgew\u00e4hlten Produkts mit der Anwendung Ihres Logos oder Ihrer Grafik zusenden.<\/p>\t\t\t\t\t\t\t\t<\/div>\n\t\t\t\t<\/div>\n\t\t\t\t\t<\/div>\n\t\t<\/div>\n\t\t\t\t<div class=\"elementor-column elementor-col-50 elementor-inner-column elementor-element elementor-element-272f76c\" data-id=\"272f76c\" data-element_type=\"column\" data-e-type=\"column\">\n\t\t\t<div class=\"elementor-widget-wrap elementor-element-populated\">\n\t\t\t\t\t\t<div class=\"elementor-element elementor-element-c693eed elementor-widget elementor-widget-image\" data-id=\"c693eed\" data-element_type=\"widget\" data-e-type=\"widget\" data-widget_type=\"image.default\">\n\t\t\t\t<div class=\"elementor-widget-container\">\n\t\t\t\t\t\t\t\t\t\t\t\t\t\t\t<img loading=\"lazy\" decoding=\"async\" width=\"75\" height=\"75\" src=\"https:\/\/www.ilpaniereserafini.ch\/wp-content\/uploads\/2022\/03\/icona-spedizione.png\" class=\"attachment-large size-large wp-image-16689\" alt=\"Sie erhalten Ihr Produkt\" \/>\t\t\t\t\t\t\t\t\t\t\t\t\t\t\t<\/div>\n\t\t\t\t<\/div>\n\t\t\t\t<div class=\"elementor-element elementor-element-3e8bf1d elementor-widget elementor-widget-heading\" data-id=\"3e8bf1d\" data-element_type=\"widget\" data-e-type=\"widget\" data-widget_type=\"heading.default\">\n\t\t\t\t<div class=\"elementor-widget-container\">\n\t\t\t\t\t<h4 class=\"elementor-heading-title elementor-size-default\">Sie erhalten Ihr Produkt<\/h4>\t\t\t\t<\/div>\n\t\t\t\t<\/div>\n\t\t\t\t<div class=\"elementor-element elementor-element-06c2606 elementor-widget elementor-widget-text-editor\" data-id=\"06c2606\" data-element_type=\"widget\" data-e-type=\"widget\" data-widget_type=\"text-editor.default\">\n\t\t\t\t<div class=\"elementor-widget-container\">\n\t\t\t\t\t\t\t\t\t<p>Von diesem Moment an m\u00fcssen Sie sich nur noch zur\u00fccklehnen und warten, bis das ausgew\u00e4hlte Produkt an die f\u00fcr Sie bequemste Adresse geliefert wird!<\/p>\t\t\t\t\t\t\t\t<\/div>\n\t\t\t\t<\/div>\n\t\t\t\t\t<\/div>\n\t\t<\/div>\n\t\t\t\t\t<\/div>\n\t\t<\/section>\n\t\t\t\t<div class=\"elementor-element elementor-element-d08539f elementor-align-center elementor-tablet-align-center elementor-widget elementor-widget-button\" data-id=\"d08539f\" data-element_type=\"widget\" data-e-type=\"widget\" data-widget_type=\"button.default\">\n\t\t\t\t<div class=\"elementor-widget-container\">\n\t\t\t\t\t\t\t\t\t<div class=\"elementor-button-wrapper\">\n\t\t\t\t\t<a class=\"elementor-button elementor-button-link elementor-size-sm elementor-animation-skew\" href=\"https:\/\/www.ilpaniereserafini.ch\/de\/kontakt\/\" target=\"_blank\">\n\t\t\t\t\t\t<span class=\"elementor-button-content-wrapper\">\n\t\t\t\t\t\t<span class=\"elementor-button-icon\">\n\t\t\t\t<i aria-hidden=\"true\" class=\"fas fa-long-arrow-alt-right\"><\/i>\t\t\t<\/span>\n\t\t\t\t\t\t\t\t\t<span class=\"elementor-button-text\">Kontaktieren Sie uns jetzt<\/span>\n\t\t\t\t\t<\/span>\n\t\t\t\t\t<\/a>\n\t\t\t\t<\/div>\n\t\t\t\t\t\t\t\t<\/div>\n\t\t\t\t<\/div>\n\t\t\t\t\t<\/div>\n\t\t<\/div>\n\t\t\t\t\t<\/div>\n\t\t<\/section>\n\t\t\t\t<section class=\"elementor-section elementor-top-section elementor-element elementor-element-0199fe4 elementor-section-boxed elementor-section-height-default elementor-section-height-default\" data-id=\"0199fe4\" data-element_type=\"section\" data-e-type=\"section\">\n\t\t\t\t\t\t<div class=\"elementor-container elementor-column-gap-default\">\n\t\t\t\t\t<div class=\"elementor-column elementor-col-50 elementor-top-column elementor-element elementor-element-8254f39\" data-id=\"8254f39\" data-element_type=\"column\" data-e-type=\"column\">\n\t\t\t<div class=\"elementor-widget-wrap elementor-element-populated\">\n\t\t\t\t\t\t<div class=\"elementor-element elementor-element-5c3346f elementor-widget elementor-widget-heading\" data-id=\"5c3346f\" data-element_type=\"widget\" data-e-type=\"widget\" data-widget_type=\"heading.default\">\n\t\t\t\t<div class=\"elementor-widget-container\">\n\t\t\t\t\t<h2 class=\"elementor-heading-title elementor-size-default\">VERSAND<\/h2>\t\t\t\t<\/div>\n\t\t\t\t<\/div>\n\t\t\t\t<div class=\"elementor-element elementor-element-e451343 elementor-widget elementor-widget-text-editor\" data-id=\"e451343\" data-element_type=\"widget\" data-e-type=\"widget\" data-widget_type=\"text-editor.default\">\n\t\t\t\t<div class=\"elementor-widget-container\">\n\t\t\t\t\t\t\t\t\t<p>Von der Lieferung der gesamten Bestellung an Ihren Firmensitz bis hin zur Door-to-Door-Zustellung jeder Geschenkbox an die jeweiligen Empf\u00e4nger \u2013 oder eine Kombination beider L\u00f6sungen, ganz nach Ihren Bed\u00fcrfnissen.<\/p><p>Gemeinsam finden wir die bequemste und zuverl\u00e4ssigste L\u00f6sung, um sicherzustellen, dass jeder Empf\u00e4nger sein Geschenk auf die bequemste Art und Weise erh\u00e4lt.<\/p>\t\t\t\t\t\t\t\t<\/div>\n\t\t\t\t<\/div>\n\t\t\t\t\t<\/div>\n\t\t<\/div>\n\t\t\t\t<div class=\"elementor-column elementor-col-50 elementor-top-column elementor-element elementor-element-42a0c2e\" data-id=\"42a0c2e\" data-element_type=\"column\" data-e-type=\"column\">\n\t\t\t<div class=\"elementor-widget-wrap elementor-element-populated\">\n\t\t\t\t\t\t<div class=\"elementor-element elementor-element-d7b6117 elementor-widget elementor-widget-image\" data-id=\"d7b6117\" data-element_type=\"widget\" data-e-type=\"widget\" data-widget_type=\"image.default\">\n\t\t\t\t<div class=\"elementor-widget-container\">\n\t\t\t\t\t\t\t\t\t\t\t\t\t\t\t<img loading=\"lazy\" decoding=\"async\" width=\"800\" height=\"868\" src=\"https:\/\/www.ilpaniereserafini.ch\/wp-content\/uploads\/2022\/03\/spedizioni-multiple.jpg\" class=\"attachment-large size-large wp-image-16649\" alt=\"Mehrfachversand - Il Paniere Serafini\" srcset=\"https:\/\/www.ilpaniereserafini.ch\/wp-content\/uploads\/2022\/03\/spedizioni-multiple.jpg 900w, https:\/\/www.ilpaniereserafini.ch\/wp-content\/uploads\/2022\/03\/spedizioni-multiple-277x300.jpg 277w, https:\/\/www.ilpaniereserafini.ch\/wp-content\/uploads\/2022\/03\/spedizioni-multiple-768x833.jpg 768w\" sizes=\"(max-width: 800px) 100vw, 800px\" \/>\t\t\t\t\t\t\t\t\t\t\t\t\t\t\t<\/div>\n\t\t\t\t<\/div>\n\t\t\t\t\t<\/div>\n\t\t<\/div>\n\t\t\t\t\t<\/div>\n\t\t<\/section>\n\t\t\t\t<section class=\"elementor-section elementor-top-section elementor-element elementor-element-a089e72 elementor-section-full_width elementor-section-height-default elementor-section-height-default\" data-id=\"a089e72\" data-element_type=\"section\" data-e-type=\"section\">\n\t\t\t\t\t\t<div class=\"elementor-container elementor-column-gap-default\">\n\t\t\t\t\t<div class=\"elementor-column elementor-col-50 elementor-top-column elementor-element elementor-element-8944c43\" data-id=\"8944c43\" data-element_type=\"column\" data-e-type=\"column\">\n\t\t\t<div class=\"elementor-widget-wrap elementor-element-populated\">\n\t\t\t\t\t\t<div class=\"elementor-element elementor-element-22ff161 elementor-widget elementor-widget-image\" data-id=\"22ff161\" data-element_type=\"widget\" data-e-type=\"widget\" data-widget_type=\"image.default\">\n\t\t\t\t<div class=\"elementor-widget-container\">\n\t\t\t\t\t\t\t\t\t\t\t\t<figure class=\"wp-caption\">\n\t\t\t\t\t\t\t\t\t\t<img loading=\"lazy\" decoding=\"async\" width=\"1000\" height=\"665\" src=\"https:\/\/www.ilpaniereserafini.ch\/wp-content\/uploads\/2022\/05\/servizi.jpg\" class=\"attachment-full size-full wp-image-16703\" alt=\"Dienstleistungen - Il Paniere Serafini\" srcset=\"https:\/\/www.ilpaniereserafini.ch\/wp-content\/uploads\/2022\/05\/servizi.jpg 1000w, https:\/\/www.ilpaniereserafini.ch\/wp-content\/uploads\/2022\/05\/servizi-300x200.jpg 300w, https:\/\/www.ilpaniereserafini.ch\/wp-content\/uploads\/2022\/05\/servizi-768x511.jpg 768w\" sizes=\"(max-width: 1000px) 100vw, 1000px\" \/>\t\t\t\t\t\t\t\t\t\t\t<figcaption class=\"widget-image-caption wp-caption-text\"><\/figcaption>\n\t\t\t\t\t\t\t\t\t\t<\/figure>\n\t\t\t\t\t\t\t\t\t<\/div>\n\t\t\t\t<\/div>\n\t\t\t\t\t<\/div>\n\t\t<\/div>\n\t\t\t\t<div class=\"elementor-column elementor-col-50 elementor-top-column elementor-element elementor-element-a424061\" data-id=\"a424061\" data-element_type=\"column\" data-e-type=\"column\" data-settings=\"{&quot;background_background&quot;:&quot;classic&quot;}\">\n\t\t\t<div class=\"elementor-widget-wrap elementor-element-populated\">\n\t\t\t\t\t\t<div class=\"elementor-element elementor-element-ef0f20d elementor-widget elementor-widget-heading\" data-id=\"ef0f20d\" data-element_type=\"widget\" data-e-type=\"widget\" data-widget_type=\"heading.default\">\n\t\t\t\t<div class=\"elementor-widget-container\">\n\t\t\t\t\t<h2 class=\"elementor-heading-title elementor-size-default\">After-Sales-Service.<\/h2>\t\t\t\t<\/div>\n\t\t\t\t<\/div>\n\t\t\t\t<div class=\"elementor-element elementor-element-93534db elementor-widget elementor-widget-text-editor\" data-id=\"93534db\" data-element_type=\"widget\" data-e-type=\"widget\" data-widget_type=\"text-editor.default\">\n\t\t\t\t<div class=\"elementor-widget-container\">\n\t\t\t\t\t\t\t\t\t<p>Unser Team steht Ihnen jederzeit zur Verf\u00fcgung, um unvorhergesehene Ereignisse gemeinsam mit Ihnen zu bew\u00e4ltigen.<\/p><p>Nach jeder Zusammenarbeit sammeln wir stets Ihr Feedback, das f\u00fcr die Verbesserung jeder Bearbeitungsphase von grundlegender Bedeutung ist. <\/p>\t\t\t\t\t\t\t\t<\/div>\n\t\t\t\t<\/div>\n\t\t\t\t<div class=\"elementor-element elementor-element-81195df elementor-widget elementor-widget-button\" data-id=\"81195df\" data-element_type=\"widget\" data-e-type=\"widget\" data-widget_type=\"button.default\">\n\t\t\t\t<div class=\"elementor-widget-container\">\n\t\t\t\t\t\t\t\t\t<div class=\"elementor-button-wrapper\">\n\t\t\t\t\t<a class=\"elementor-button elementor-button-link elementor-size-sm elementor-animation-skew\" href=\"https:\/\/www.ilpaniereserafini.ch\/de\/kontakt\/\">\n\t\t\t\t\t\t<span class=\"elementor-button-content-wrapper\">\n\t\t\t\t\t\t<span class=\"elementor-button-icon\">\n\t\t\t\t<i aria-hidden=\"true\" class=\"fas fa-long-arrow-alt-right\"><\/i>\t\t\t<\/span>\n\t\t\t\t\t\t\t\t\t<span class=\"elementor-button-text\">Kontaktieren Sie uns jetzt<\/span>\n\t\t\t\t\t<\/span>\n\t\t\t\t\t<\/a>\n\t\t\t\t<\/div>\n\t\t\t\t\t\t\t\t<\/div>\n\t\t\t\t<\/div>\n\t\t\t\t\t<\/div>\n\t\t<\/div>\n\t\t\t\t\t<\/div>\n\t\t<\/section>\n\t\t\t\t<\/div>\n\t\t","protected":false},"excerpt":{"rendered":"<p>Home \/ Dienstleistungen Dienstleistungen. Nicht nur Produkte. Ihr Produkt zu personalisieren ist ganz einfach. 99 % der Produkte von Il Paniere Serafini sind personalisierbar, mit verschiedenen Techniken, je nach Art des Produkts selbst. Dank unserer internen Grafikabteilung k\u00f6nnen Sie Ihren Geschenkverpackungen das gewisse Etwas verleihen und sie so einzigartig und noch attraktiver f\u00fcr die Empf\u00e4nger [&hellip;]<\/p>\n","protected":false},"author":1,"featured_media":0,"parent":0,"menu_order":0,"comment_status":"closed","ping_status":"closed","template":"","meta":{"footnotes":""},"class_list":["post-16792","page","type-page","status-publish","hentry"],"_links":{"self":[{"href":"https:\/\/www.ilpaniereserafini.ch\/de\/wp-json\/wp\/v2\/pages\/16792","targetHints":{"allow":["GET"]}}],"collection":[{"href":"https:\/\/www.ilpaniereserafini.ch\/de\/wp-json\/wp\/v2\/pages"}],"about":[{"href":"https:\/\/www.ilpaniereserafini.ch\/de\/wp-json\/wp\/v2\/types\/page"}],"author":[{"embeddable":true,"href":"https:\/\/www.ilpaniereserafini.ch\/de\/wp-json\/wp\/v2\/users\/1"}],"replies":[{"embeddable":true,"href":"https:\/\/www.ilpaniereserafini.ch\/de\/wp-json\/wp\/v2\/comments?post=16792"}],"version-history":[{"count":3,"href":"https:\/\/www.ilpaniereserafini.ch\/de\/wp-json\/wp\/v2\/pages\/16792\/revisions"}],"predecessor-version":[{"id":16820,"href":"https:\/\/www.ilpaniereserafini.ch\/de\/wp-json\/wp\/v2\/pages\/16792\/revisions\/16820"}],"wp:attachment":[{"href":"https:\/\/www.ilpaniereserafini.ch\/de\/wp-json\/wp\/v2\/media?parent=16792"}],"curies":[{"name":"wp","href":"https:\/\/api.w.org\/{rel}","templated":true}]}}