{"id":16766,"date":"2022-03-31T17:51:58","date_gmt":"2022-03-31T15:51:58","guid":{"rendered":"https:\/\/www.ilpaniereserafini.ch\/werte\/"},"modified":"2025-09-09T16:17:32","modified_gmt":"2025-09-09T14:17:32","slug":"werte","status":"publish","type":"page","link":"https:\/\/www.ilpaniereserafini.ch\/de\/werte\/","title":{"rendered":"Werte"},"content":{"rendered":"\t\t<div data-elementor-type=\"wp-page\" data-elementor-id=\"16766\" class=\"elementor elementor-16766 elementor-1543\" data-elementor-post-type=\"page\">\n\t\t\t\t<div class=\"elementor-element elementor-element-974e919 e-con-full e-flex e-con e-parent\" data-id=\"974e919\" data-element_type=\"container\" data-e-type=\"container\">\n\t\t<div class=\"elementor-element elementor-element-1f10961 e-con-full e-flex e-con e-child\" data-id=\"1f10961\" data-element_type=\"container\" data-e-type=\"container\">\n\t\t\t\t<div class=\"elementor-element elementor-element-b69de67 elementor-widget elementor-widget-html\" data-id=\"b69de67\" data-element_type=\"widget\" data-e-type=\"widget\" id=\"breadcrumb\" data-widget_type=\"html.default\">\n\t\t\t\t<div class=\"elementor-widget-container\">\n\t\t\t\t\t<a href=\"https:\/\/ilpaniereserafini.ch\/\">Home<\/a> <span class=\"divisoreBreadcrumb\">\/<\/span> <span class=\"nomePaginaCorrente\">Werte<\/span>\t\t\t\t<\/div>\n\t\t\t\t<\/div>\n\t\t\t\t<div class=\"elementor-element elementor-element-cc5f28c elementor-widget elementor-widget-heading\" data-id=\"cc5f28c\" data-element_type=\"widget\" data-e-type=\"widget\" data-widget_type=\"heading.default\">\n\t\t\t\t<div class=\"elementor-widget-container\">\n\t\t\t\t\t<h1 class=\"elementor-heading-title elementor-size-default\">Werte.<\/h1>\t\t\t\t<\/div>\n\t\t\t\t<\/div>\n\t\t\t\t<div class=\"elementor-element elementor-element-4006067 elementor-widget elementor-widget-text-editor\" data-id=\"4006067\" data-element_type=\"widget\" data-e-type=\"widget\" data-widget_type=\"text-editor.default\">\n\t\t\t\t<div class=\"elementor-widget-container\">\n\t\t\t\t\t\t\t\t\t<p><em>Unser t\u00e4gliches Engagement.<\/em><\/p>\t\t\t\t\t\t\t\t<\/div>\n\t\t\t\t<\/div>\n\t\t\t\t<div class=\"elementor-element elementor-element-e02666a elementor-align-left elementor-widget elementor-widget-button\" data-id=\"e02666a\" data-element_type=\"widget\" data-e-type=\"widget\" data-widget_type=\"button.default\">\n\t\t\t\t<div class=\"elementor-widget-container\">\n\t\t\t\t\t\t\t\t\t<div class=\"elementor-button-wrapper\">\n\t\t\t\t\t<a class=\"elementor-button elementor-button-link elementor-size-sm\" href=\"https:\/\/www.ilpaniereserafini.it\/wp-content\/uploads\/2024\/09\/Codice_Etico_in_carta_intestata_Il_Paniere_Serafini-2024.pdf\">\n\t\t\t\t\t\t<span class=\"elementor-button-content-wrapper\">\n\t\t\t\t\t\t\t\t\t<span class=\"elementor-button-text\">Ethikkodex<\/span>\n\t\t\t\t\t<\/span>\n\t\t\t\t\t<\/a>\n\t\t\t\t<\/div>\n\t\t\t\t\t\t\t\t<\/div>\n\t\t\t\t<\/div>\n\t\t\t\t<\/div>\n\t\t<div class=\"elementor-element elementor-element-1080713 elementor-hidden-tablet elementor-hidden-mobile e-con-full e-flex e-con e-child\" data-id=\"1080713\" data-element_type=\"container\" data-e-type=\"container\">\n\t\t\t\t<\/div>\n\t\t\t\t<\/div>\n\t\t<div class=\"elementor-element elementor-element-2cffebb e-con-full e-flex e-con e-parent\" data-id=\"2cffebb\" data-element_type=\"container\" data-e-type=\"container\">\n\t\t<div class=\"elementor-element elementor-element-6dffc25 e-con-full e-flex e-con e-child\" data-id=\"6dffc25\" data-element_type=\"container\" data-e-type=\"container\" data-settings=\"{&quot;background_background&quot;:&quot;classic&quot;}\">\n\t\t\t\t<div class=\"elementor-element elementor-element-ce39b91 elementor-widget elementor-widget-image\" data-id=\"ce39b91\" data-element_type=\"widget\" data-e-type=\"widget\" data-widget_type=\"image.default\">\n\t\t\t\t<div class=\"elementor-widget-container\">\n\t\t\t\t\t\t\t\t\t\t\t\t\t\t\t<img fetchpriority=\"high\" decoding=\"async\" width=\"1500\" height=\"1500\" src=\"https:\/\/www.ilpaniereserafini.ch\/wp-content\/uploads\/2024\/09\/certificazione-bio.jpg\" class=\"attachment-full size-full wp-image-16700\" alt=\"BIO-Zertifizierung\" srcset=\"https:\/\/www.ilpaniereserafini.ch\/wp-content\/uploads\/2024\/09\/certificazione-bio.jpg 1500w, https:\/\/www.ilpaniereserafini.ch\/wp-content\/uploads\/2024\/09\/certificazione-bio-300x300.jpg 300w, https:\/\/www.ilpaniereserafini.ch\/wp-content\/uploads\/2024\/09\/certificazione-bio-1024x1024.jpg 1024w, https:\/\/www.ilpaniereserafini.ch\/wp-content\/uploads\/2024\/09\/certificazione-bio-150x150.jpg 150w, https:\/\/www.ilpaniereserafini.ch\/wp-content\/uploads\/2024\/09\/certificazione-bio-768x768.jpg 768w\" sizes=\"(max-width: 1500px) 100vw, 1500px\" \/>\t\t\t\t\t\t\t\t\t\t\t\t\t\t\t<\/div>\n\t\t\t\t<\/div>\n\t\t\t\t<\/div>\n\t\t<div class=\"elementor-element elementor-element-f57efea e-con-full e-flex e-con e-child\" data-id=\"f57efea\" data-element_type=\"container\" data-e-type=\"container\" data-settings=\"{&quot;background_background&quot;:&quot;classic&quot;}\">\n\t\t\t\t<div class=\"elementor-element elementor-element-528b6ad elementor-widget elementor-widget-image\" data-id=\"528b6ad\" data-element_type=\"widget\" data-e-type=\"widget\" data-widget_type=\"image.default\">\n\t\t\t\t<div class=\"elementor-widget-container\">\n\t\t\t\t\t\t\t\t\t\t\t\t\t\t\t<img decoding=\"async\" width=\"200\" height=\"84\" src=\"https:\/\/www.ilpaniereserafini.ch\/wp-content\/uploads\/2024\/09\/icona-biologico.png\" class=\"attachment-large size-large wp-image-16701\" alt=\"Bio-Zertifizierung\" \/>\t\t\t\t\t\t\t\t\t\t\t\t\t\t\t<\/div>\n\t\t\t\t<\/div>\n\t\t\t\t<div class=\"elementor-element elementor-element-b770ea2 elementor-widget elementor-widget-text-editor\" data-id=\"b770ea2\" data-element_type=\"widget\" data-e-type=\"widget\" data-widget_type=\"text-editor.default\">\n\t\t\t\t<div class=\"elementor-widget-container\">\n\t\t\t\t\t\t\t\t\t<p>Seit Beginn unserer T\u00e4tigkeit haben wir stets versucht, unser Engagement aufrechtzuerhalten, um die neuen Marktanforderungen bestm\u00f6glich zu erf\u00fcllen und uns an die daraus resultierenden Qualit\u00e4tsstandards anzupassen.<\/p><p>Wir sind stolz darauf, mitteilen zu k\u00f6nnen, dass unser Unternehmen die <strong>Zertifizierung EG 834\/2007<\/strong> beantragt und erhalten hat, die die biologische Lebensmittelproduktion in all ihren Phasen definiert und reguliert &#8211; vom Produktionssystem \u00fcber die Verarbeitung bis hin zur Etikettierung dieser Produkte innerhalb der Europ\u00e4ischen Union.<\/p>\t\t\t\t\t\t\t\t<\/div>\n\t\t\t\t<\/div>\n\t\t\t\t<\/div>\n\t\t\t\t<\/div>\n\t\t\t\t<\/div>\n\t\t","protected":false},"excerpt":{"rendered":"<p>Home \/ Werte Werte. Unser t\u00e4gliches Engagement. Ethikkodex Seit Beginn unserer T\u00e4tigkeit haben wir stets versucht, unser Engagement aufrechtzuerhalten, um die neuen Marktanforderungen bestm\u00f6glich zu erf\u00fcllen und uns an die daraus resultierenden Qualit\u00e4tsstandards anzupassen. Wir sind stolz darauf, mitteilen zu k\u00f6nnen, dass unser Unternehmen die Zertifizierung EG 834\/2007 beantragt und erhalten hat, die die biologische [&hellip;]<\/p>\n","protected":false},"author":1,"featured_media":0,"parent":0,"menu_order":0,"comment_status":"closed","ping_status":"closed","template":"","meta":{"footnotes":""},"class_list":["post-16766","page","type-page","status-publish","hentry"],"_links":{"self":[{"href":"https:\/\/www.ilpaniereserafini.ch\/de\/wp-json\/wp\/v2\/pages\/16766","targetHints":{"allow":["GET"]}}],"collection":[{"href":"https:\/\/www.ilpaniereserafini.ch\/de\/wp-json\/wp\/v2\/pages"}],"about":[{"href":"https:\/\/www.ilpaniereserafini.ch\/de\/wp-json\/wp\/v2\/types\/page"}],"author":[{"embeddable":true,"href":"https:\/\/www.ilpaniereserafini.ch\/de\/wp-json\/wp\/v2\/users\/1"}],"replies":[{"embeddable":true,"href":"https:\/\/www.ilpaniereserafini.ch\/de\/wp-json\/wp\/v2\/comments?post=16766"}],"version-history":[{"count":2,"href":"https:\/\/www.ilpaniereserafini.ch\/de\/wp-json\/wp\/v2\/pages\/16766\/revisions"}],"predecessor-version":[{"id":16896,"href":"https:\/\/www.ilpaniereserafini.ch\/de\/wp-json\/wp\/v2\/pages\/16766\/revisions\/16896"}],"wp:attachment":[{"href":"https:\/\/www.ilpaniereserafini.ch\/de\/wp-json\/wp\/v2\/media?parent=16766"}],"curies":[{"name":"wp","href":"https:\/\/api.w.org\/{rel}","templated":true}]}}